





{"id":318,"date":"2022-09-02T10:09:05","date_gmt":"2022-09-02T08:09:05","guid":{"rendered":"http:\/\/localhost:8888\/?page_id=318"},"modified":"2026-04-08T08:24:06","modified_gmt":"2026-04-08T06:24:06","slug":"accueil","status":"publish","type":"page","link":"https:\/\/denises-burger.ch\/fr\/","title":{"rendered":"Accueil"},"content":{"rendered":"  <div class=\" container-fluid hero-page \" style=\"background-image:  url('https:\/\/denises-burger.ch\/app\/uploads\/2024\/04\/denise-burger-lobster-homepage.jpg');\" id=\"hero_block\">\n      <a href=\"https:\/\/denises-burger.ch\/fr\/\" class=\"hero-logo-link\" > \n      <span class=\"hero-logo\" style=\"background-image: url('https:\/\/denises-burger.ch\/app\/uploads\/2023\/11\/denise-burger-logo-signature.svg');\"><\/span>\n\n       <\/a>\n\n\n      <h1 class=\"hero-title\"> La parenth\u00e8se d\u2019un repas gliss\u00e9 entre deux buns <\/h1>\n\n  \n        \n    <div class=\"row discover-row\">\n      <div class=\"col-md-12\">\n      <a href=\"#bouillon-content\" class=\"skip\">\n                  D\u00e9couvrir\n                          <i class=\"fa-solid fa-chevron-down\"><\/i>\n      <\/a>\n      <\/div>\n    <\/div>\n   \n  \n<\/div>\n\n<div id=\"bouillon-content\"><\/div>\n\n<section class=\"block-text-image  bg-left\" id=\"denises-to-go\" style=\"background-color:#f1f1ef; background-image: url('')  ;\">\n  <div class=\"container block-wrapper\" >\n    <div class=\"row\">\n\n      <div class=\"col-md-6 content-column\">\n        <div class=\"fields-subtitle\">\n          <h5> Nouveau <\/h5>\n        <\/div>\n        <div class=\"fields-title\">\n          <h3> Denise&#8217;s to go <\/h3>\n        <\/div>\n        <div class=\"fields-description\">\n          <p>Envie d\u2019une pause gourmande au bord du lac ?<br \/>\nDenise&#8217;s Art of Burger vous propose sa nouvelle <strong>formule \u00e0 l\u2019emporter<\/strong> : <strong data-start=\"293\" data-end=\"311\">Denise\u2019s To Go<\/strong> !<\/p>\n<p><strong>BURGER + FRITES + BOISSON + COOKIE<\/strong> pour seulement <strong>CHF 29.\u2013<\/strong><\/p>\n<p>Savourez un burger g\u00e9n\u00e9reux, avec son bun au s\u00e9same, un steak de b\u0153uf hach\u00e9 au couteau, de la laitue croquante, des oignons caram\u00e9lis\u00e9s, du gruy\u00e8re fondant, des tomates juteuses et notre sauce maison Denise\u2019s, accompagn\u00e9 de frites dor\u00e9es, d\u2019une boisson rafra\u00eechissante et d\u2019un cookie gourmand.<\/p>\n\n        <\/div>\n        <div class=\"button-container-wrapper\">\n\n                    \n\n        <\/div>\n      <\/div>\n\n      <div class=\"col-md-6 image-column image-right bloc-image-gallery\">\n        \n        <div class=\"container-fluid\">\n          <div class=\"row\">\n\n                                    <img decoding=\"async\" class=\"image-haut\" src=\"https:\/\/denises-burger.ch\/app\/uploads\/2025\/11\/DENISES-TO-GO.png\" alt=\"denises-to-go\">\n            \n                        \n                                  <\/div>\n        <\/div>\n\n      <\/div>\n\n    <\/div>\n  <\/div>\n<\/section>\n\n<section class=\"block-image-text bg-right\"  id=\"burger-du-moment\" style=\"background-color:; background-image: url('')  ;\">\n  <div class=\"container block-wrapper\">\n    <div class=\"row\">\n      \n      <div class=\"col-md-6 bloc-image-gallery\">\n\n        <div class=\"container-fluid\">\n          <div class=\"row\">\n                                          <img decoding=\"async\" class=\"image-haut\" src=\"https:\/\/denises-burger.ch\/app\/uploads\/2026\/04\/Pull-Lamb-Burger.png\" alt=\"pull-lamb-burger\">\n              \n                                          \n                                       \n          <\/div>\n        <\/div>\n      <\/div>\n\n      <div class=\"col-md-6 content-column\">\n        <div class=\"fields-subtitle\">\n          <h5> Burger du moment <\/h5>\n        <\/div>\n        <div class=\"fields-title\">\n          <h3>  <\/h3>\n        <\/div>\n        <div class=\"fields-description\">\n          <p><strong>Le pulled lamb burger<\/strong> se r\u00e9invente dans une version<strong> ultra-gourmande<\/strong>. D\u00e9couvrez une cr\u00e9ation audacieuse et raffin\u00e9e, o\u00f9 fondant et caract\u00e8re se rencontrent avec \u00e9l\u00e9gance.<\/p>\n<p>\u2022 Buns brioch\u00e9 au romarin<br data-start=\"243\" data-end=\"246\" \/>\u2022 Oignons confits<br data-start=\"267\" data-end=\"270\" data-is-only-node=\"\" \/>\u2022 Effiloch\u00e9 d&#8217;agneau confit aux herbes<br \/>\n\u2022 Jus de cuisson r\u00e9duit<br data-start=\"303\" data-end=\"306\" \/>\u2022 Sauce l\u00e9g\u00e8re \u00e0 l&#8217;ail r\u00f4ti<br data-start=\"319\" data-end=\"322\" \/>\u2022 Pickles d&#8217;\u00e9chalotes<br \/>\n\u2022 Roquette<br \/>\n\u2022 Chips maison au thym<\/p>\n<div class=\"flex flex-col text-sm pb-25\">\n<article class=\"text-token-text-primary w-full focus:outline-none [--shadow-height:45px] has-data-writing-block:pointer-events-none has-data-writing-block:-mt-(--shadow-height) has-data-writing-block:pt-(--shadow-height) [&amp;:has([data-writing-block])&gt;*]:pointer-events-auto scroll-mt-[calc(var(--header-height)+min(200px,max(70px,20svh)))]\" dir=\"auto\" tabindex=\"-1\" data-turn-id=\"request-6978b1f6-70f8-8333-9105-b866f90f726c-0\" data-testid=\"conversation-turn-4\" data-scroll-anchor=\"true\" data-turn=\"assistant\">\n<div class=\"text-base my-auto mx-auto pb-10 [--thread-content-margin:--spacing(4)] @w-sm\/main:[--thread-content-margin:--spacing(6)] @w-lg\/main:[--thread-content-margin:--spacing(16)] px-(--thread-content-margin)\">\n<div class=\"[--thread-content-max-width:40rem] @w-lg\/main:[--thread-content-max-width:48rem] mx-auto max-w-(--thread-content-max-width) flex-1 group\/turn-messages focus-visible:outline-hidden relative flex w-full min-w-0 flex-col agent-turn\" tabindex=\"-1\">\n<div class=\"flex max-w-full flex-col grow\">\n<div class=\"min-h-8 text-message relative flex w-full flex-col items-end gap-2 text-start break-words whitespace-normal [.text-message+&amp;]:mt-1\" dir=\"auto\" data-message-author-role=\"assistant\" data-message-id=\"0dc0bcd2-3919-490c-ac0b-8269566f4387\" data-message-model-slug=\"gpt-5-2\">\n<div class=\"flex w-full flex-col gap-1 empty:hidden first:pt-[1px]\">\n<div class=\"markdown prose dark:prose-invert w-full wrap-break-word light markdown-new-styling\">\n<div class=\"flex flex-col text-sm pb-25\">\n<section class=\"text-token-text-primary w-full focus:outline-none [--shadow-height:45px] has-data-writing-block:pointer-events-none has-data-writing-block:-mt-(--shadow-height) has-data-writing-block:pt-(--shadow-height) [&amp;:has([data-writing-block])&gt;*]:pointer-events-auto scroll-mt-[calc(var(--header-height)+min(200px,max(70px,20svh)))]\" dir=\"auto\" data-turn-id=\"request-WEB:2df59a81-be6f-4cc8-ac18-2ee2e0a67b03-1\" data-testid=\"conversation-turn-4\" data-scroll-anchor=\"true\" data-turn=\"assistant\">\n<div class=\"text-base my-auto mx-auto pb-10 [--thread-content-margin:var(--thread-content-margin-xs,calc(var(--spacing)*4))] @w-sm\/main:[--thread-content-margin:var(--thread-content-margin-sm,calc(var(--spacing)*6))] @w-lg\/main:[--thread-content-margin:var(--thread-content-margin-lg,calc(var(--spacing)*16))] px-(--thread-content-margin)\">\n<div class=\"[--thread-content-max-width:40rem] @w-lg\/main:[--thread-content-max-width:48rem] mx-auto max-w-(--thread-content-max-width) flex-1 group\/turn-messages focus-visible:outline-hidden relative flex w-full min-w-0 flex-col agent-turn\">\n<div class=\"flex max-w-full flex-col gap-4 grow\">\n<div class=\"min-h-8 text-message relative flex w-full flex-col items-end gap-2 text-start break-words whitespace-normal outline-none keyboard-focused:focus-ring [.text-message+&amp;]:mt-1\" dir=\"auto\" tabindex=\"0\" data-message-author-role=\"assistant\" data-message-id=\"fde4b5ea-6c82-4182-8cb1-300354c5301a\" data-message-model-slug=\"gpt-5-3\" data-turn-start-message=\"true\">\n<div class=\"flex w-full flex-col gap-1 empty:hidden\">\n<div class=\"markdown prose dark:prose-invert w-full wrap-break-word light markdown-new-styling\">\n<div class=\"flex flex-col text-sm pb-25\">\n<section class=\"text-token-text-primary w-full focus:outline-none [--shadow-height:45px] has-data-writing-block:pointer-events-none has-data-writing-block:-mt-(--shadow-height) has-data-writing-block:pt-(--shadow-height) [&amp;:has([data-writing-block])&gt;*]:pointer-events-auto scroll-mt-[calc(var(--header-height)+min(200px,max(70px,20svh)))]\" dir=\"auto\" data-turn-id=\"request-WEB:2df59a81-be6f-4cc8-ac18-2ee2e0a67b03-1\" data-testid=\"conversation-turn-4\" data-scroll-anchor=\"true\" data-turn=\"assistant\">\n<div class=\"text-base my-auto mx-auto pb-10 [--thread-content-margin:var(--thread-content-margin-xs,calc(var(--spacing)*4))] @w-sm\/main:[--thread-content-margin:var(--thread-content-margin-sm,calc(var(--spacing)*6))] @w-lg\/main:[--thread-content-margin:var(--thread-content-margin-lg,calc(var(--spacing)*16))] px-(--thread-content-margin)\">\n<div class=\"[--thread-content-max-width:40rem] @w-lg\/main:[--thread-content-max-width:48rem] mx-auto max-w-(--thread-content-max-width) flex-1 group\/turn-messages focus-visible:outline-hidden relative flex w-full min-w-0 flex-col agent-turn\">\n<div class=\"flex max-w-full flex-col gap-4 grow\">\n<div class=\"min-h-8 text-message relative flex w-full flex-col items-end gap-2 text-start break-words whitespace-normal outline-none keyboard-focused:focus-ring [.text-message+&amp;]:mt-1\" dir=\"auto\" tabindex=\"0\" data-message-author-role=\"assistant\" data-message-id=\"fde4b5ea-6c82-4182-8cb1-300354c5301a\" data-message-model-slug=\"gpt-5-3\" data-turn-start-message=\"true\">\n<div class=\"flex w-full flex-col gap-1 empty:hidden\">\n<div class=\"markdown prose dark:prose-invert w-full wrap-break-word light markdown-new-styling\">\n<p data-start=\"0\" data-end=\"63\" data-is-last-node=\"\" data-is-only-node=\"\">Un burger g\u00e9n\u00e9reux, tout en finesse, d\u00e9licatement irr\u00e9sistible.<\/p>\n<\/div>\n<\/div>\n<\/div>\n<\/div>\n<\/div>\n<\/div>\n<\/section>\n<\/div>\n<\/div>\n<\/div>\n<\/div>\n<\/div>\n<\/div>\n<\/div>\n<\/section>\n<\/div>\n<\/div>\n<\/div>\n<\/div>\n<\/div>\n<div class=\"z-0 flex min-h-[46px] justify-start\"><strong>CHF 34.-<\/strong><\/div>\n<\/div>\n<\/div>\n<\/article>\n<\/div>\n\n        <\/div>\n        <div class=\"button-container-wrapper\">\n\n                      <div class=\"row button-container\">\n              <a href=\"\/fr\/la-carte\" class=\"fields-button\">\n                LA CARTE \n                <i class=\"fa-solid fa-chevron-right fa-sm\" aria-hidden=\"true\"><\/i>\n              <\/a>\n                                        <\/div>\n            \n\n        <\/div>\n      <\/div>\n    <\/div>\n  <\/div>\n<\/section>\n\n\n<section class=\"block-text-image  bg-left\" id=\"le-concept\" style=\"background-color:#f1f1ef; background-image: url('')  ;\">\n  <div class=\"container block-wrapper\" >\n    <div class=\"row\">\n\n      <div class=\"col-md-6 content-column\">\n        <div class=\"fields-subtitle\">\n          <h5> La parenth\u00e8se d\u2019un repas gliss\u00e9 entre deux buns <\/h5>\n        <\/div>\n        <div class=\"fields-title\">\n          <h3> Art of Burger <\/h3>\n        <\/div>\n        <div class=\"fields-description\">\n          <p>Plus que le nom donn\u00e9 par <strong>Philippe Chevrier<\/strong> en hommage \u00e0 sa m\u00e8re, <strong>Denise\u2019s Art of Burger<\/strong> est le t\u00e9moignage de son savoir faire, de sa curiosit\u00e9 et de la cr\u00e9ativit\u00e9 qu\u2019elle lui a transmise.<\/p>\n<p>Dans un espace nich\u00e9 <strong>au coeur du food hall de Globus<\/strong>, Denise\u2019s Art of Burger r\u00e9invente un classique culinaire. L&#8217;\u00e9quipe r\u00e9orchestre le burger \u00e0 travers les quatre saisons, en s\u00e9lectionnant les ingr\u00e9dients les plus nobles pour offrir une exp\u00e9rience gustative innovante et raffin\u00e9e.<\/p>\n\n        <\/div>\n        <div class=\"button-container-wrapper\">\n\n                      <div class=\"row button-container\">\n              <a href=\"\/fr\/la-carte\" class=\"fields-button\">\n                LA CARTE \n                <i class=\"fa-solid fa-chevron-right fa-sm\" aria-hidden=\"true\"><\/i>\n              <\/a>\n                                        <\/div>\n            \n\n        <\/div>\n      <\/div>\n\n      <div class=\"col-md-6 image-column image-right bloc-image-gallery\">\n        \n        <div class=\"container-fluid\">\n          <div class=\"row\">\n\n                                    <img decoding=\"async\" class=\"image-haut\" src=\"https:\/\/denises-burger.ch\/app\/uploads\/2025\/12\/MNO_5979-scaled.jpg\" alt=\"mno_5979\">\n            \n                        \n                                  <\/div>\n        <\/div>\n\n      <\/div>\n\n    <\/div>\n  <\/div>\n<\/section>\n\n<section class=\"block-text-image  bg-left\" id=\"vente-a-emporter\" style=\"background-color:#ffffff; background-image: url('')  ;\">\n  <div class=\"container block-wrapper\" >\n    <div class=\"row\">\n\n      <div class=\"col-md-6 content-column\">\n        <div class=\"fields-subtitle\">\n          <h5> Denise&#8217;s art of burger chez vous <\/h5>\n        <\/div>\n        <div class=\"fields-title\">\n          <h3> Vente \u00e0 l&#8217;emporter <\/h3>\n        <\/div>\n        <div class=\"fields-description\">\n          <p>Denise&#8217;s Art of Burger vous propose un service de vente \u00e0 l&#8217;emporter.<br \/>\nLes commandes sont \u00e0 retirer sur place<\/p>\n<ul>\n<li>Lundi, Mardi et Mercredi : de 11h00 \u00e0 20h30<\/li>\n<li>Jeudi et Vendredi : de 11h00 \u00e0 21h30<\/li>\n<li>Samedi : de 11h00 \u00e0 19h30<\/li>\n<\/ul>\n<p>Nous contacter : +41 (0) 22 510 39 79<\/p>\n\n        <\/div>\n        <div class=\"button-container-wrapper\">\n\n                    \n\n        <\/div>\n      <\/div>\n\n      <div class=\"col-md-6 image-column image-right bloc-image-gallery\">\n        \n        <div class=\"container-fluid\">\n          <div class=\"row\">\n\n                                    <img decoding=\"async\" class=\"image-haut\" src=\"https:\/\/denises-burger.ch\/app\/uploads\/2023\/12\/denise-burger-take-away2.jpg\" alt=\"denise-burger-take-away2\">\n            \n                        \n                                  <\/div>\n        <\/div>\n\n      <\/div>\n\n    <\/div>\n  <\/div>\n<\/section>\n\n<section class=\"block-image-text bg-right\"  id=\"team\" style=\"background-color:#f1f1ef; background-image: url('')  ;\">\n  <div class=\"container block-wrapper\">\n    <div class=\"row\">\n      \n      <div class=\"col-md-6 bloc-image-gallery\">\n\n        <div class=\"container-fluid\">\n          <div class=\"row\">\n                                          <img decoding=\"async\" class=\"image-haut\" src=\"https:\/\/denises-burger.ch\/app\/uploads\/2025\/01\/Team-Denise.jpg\" alt=\"team-denise-2\">\n              \n                                          \n                                       \n          <\/div>\n        <\/div>\n      <\/div>\n\n      <div class=\"col-md-6 content-column\">\n        <div class=\"fields-subtitle\">\n          <h5> Best burger in town <\/h5>\n        <\/div>\n        <div class=\"fields-title\">\n          <h3> Notre \u00e9quipe <\/h3>\n        <\/div>\n        <div class=\"fields-description\">\n          <p>L&#8217;\u00e9quipe de Denise&#8217;s Art of Burger vous accueille du lundi au samedi.<br \/>\nLundi \/ mardi \/ mercredi \/ samedi : de 11h00 \u00e0 21h00<br \/>\nJeudi \/ vendredi : de 11h00 \u00e0 22h00<\/p>\n<p><strong>Rodolphe Legal<\/strong>, Directeur du restaurant et fid\u00e8le collaborateur du Chef Philippe Chevrier, vous accueille avec son \u00e9quipe pour un moment gourmand et convivial. Aux c\u00f4t\u00e9s de <strong>Maxime<\/strong> et <strong>Dylan<\/strong>, \u00e9galement actionnaires de l\u2019\u00e9tablissement et aux commandes de la cuisine, le Denise\u2019s Burger f\u00e9d\u00e8re une brigade dynamique dont le savoir\u2011faire garantit un burger savoureux, servi avec efficacit\u00e9 et bonne humeur.<\/p>\n\n        <\/div>\n        <div class=\"button-container-wrapper\">\n\n                      <div class=\"row button-container\">\n              <a href=\"\/fr\/la-carte\" class=\"fields-button\">\n                LA CARTE \n                <i class=\"fa-solid fa-chevron-right fa-sm\" aria-hidden=\"true\"><\/i>\n              <\/a>\n                                        <\/div>\n            \n\n        <\/div>\n      <\/div>\n    <\/div>\n  <\/div>\n<\/section>\n\n\n  <section class=\"socials-container\" style=\"background-color:#261c3e;\">\n  <div class=\"container\">\n    <div class=\"row\">\n    <div class=\"col-md-2 \"><\/div>\n      <div class=\"col-md-4 fields-title\">\n        <h4> Suivez nous <\/h4>\n       \n      <\/div>\n      <div class=\"col-md-4\">\n        <div class=\"fields-socials\">\n            <a href=\"https:\/\/www.instagram.com\/denisesartofburger\/\" target=\"_blank\"> <i class=\"fa-brands fa-instagram fa-2xl\"><\/i> <\/a>\n            <a href=\"https:\/\/www.facebook.com\/DenisesBurger\/\" target=\"_blank\"> <i class=\"fa-brands fa-facebook fa-2xl\"><\/i> <\/a>\n                      <\/div>\n      <\/div>\n      <div class=\"col-md-2 \"><\/div>\n          <\/div>\n  <\/div>\n<\/section>","protected":false},"excerpt":{"rendered":"","protected":false},"author":2,"featured_media":0,"parent":0,"menu_order":1,"comment_status":"closed","ping_status":"closed","template":"","meta":{"_acf_changed":false,"inline_featured_image":false,"footnotes":""},"class_list":["post-318","page","type-page","status-publish","hentry"],"acf":[],"_links":{"self":[{"href":"https:\/\/denises-burger.ch\/fr\/wp-json\/wp\/v2\/pages\/318"}],"collection":[{"href":"https:\/\/denises-burger.ch\/fr\/wp-json\/wp\/v2\/pages"}],"about":[{"href":"https:\/\/denises-burger.ch\/fr\/wp-json\/wp\/v2\/types\/page"}],"author":[{"embeddable":true,"href":"https:\/\/denises-burger.ch\/fr\/wp-json\/wp\/v2\/users\/2"}],"replies":[{"embeddable":true,"href":"https:\/\/denises-burger.ch\/fr\/wp-json\/wp\/v2\/comments?post=318"}],"version-history":[{"count":1023,"href":"https:\/\/denises-burger.ch\/fr\/wp-json\/wp\/v2\/pages\/318\/revisions"}],"predecessor-version":[{"id":8362,"href":"https:\/\/denises-burger.ch\/fr\/wp-json\/wp\/v2\/pages\/318\/revisions\/8362"}],"wp:attachment":[{"href":"https:\/\/denises-burger.ch\/fr\/wp-json\/wp\/v2\/media?parent=318"}],"curies":[{"name":"wp","href":"https:\/\/api.w.org\/{rel}","templated":true}]}}