





{"id":735,"date":"2022-09-23T09:49:26","date_gmt":"2022-09-23T07:49:26","guid":{"rendered":"https:\/\/chateauvieux.monsieurbouillon.ch\/?page_id=735"},"modified":"2026-03-18T10:11:59","modified_gmt":"2026-03-18T09:11:59","slug":"contact","status":"publish","type":"page","link":"https:\/\/denises-burger.ch\/fr\/contact\/","title":{"rendered":"Contact"},"content":{"rendered":"  <div class=\" container-fluid hero-page \" style=\"background-image:  url('https:\/\/denises-burger.ch\/app\/uploads\/2023\/12\/denise-burger-take-away.jpg');\" id=\"hero_block\">\n      <a href=\"https:\/\/denises-burger.ch\/fr\/\" class=\"hero-logo-link\" > \n      <span class=\"hero-logo\" style=\"background-image: url('https:\/\/denises-burger.ch\/app\/uploads\/2023\/11\/denise-burger-logo-signature.svg');\"><\/span>\n\n       <\/a>\n\n\n      <h1 class=\"hero-title\"> Contact <\/h1>\n\n  \n        \n    <div class=\"row discover-row\">\n      <div class=\"col-md-12\">\n      <a href=\"#bouillon-content\" class=\"skip\">\n                  D\u00e9couvrir\n                          <i class=\"fa-solid fa-chevron-down\"><\/i>\n      <\/a>\n      <\/div>\n    <\/div>\n   \n  \n<\/div>\n\n<div id=\"bouillon-content\"><\/div>\n\n<div class=\"block-title\" id=\"\">\n  <div class=\"container \">\n  <div class=\"row\">\n    <div class=\"col-md-12 row-title\">\n      <h2 class=\"fields-title\">Denise&#8217;s Burger<\/h2>\n      <p class=\"fields-subtitle\">  <a href=\"https:\/\/www.google.com\/maps\/dir\/\/denises+burger+google+map\/data=!4m6!4m5!1m1!4e2!1m2!1m1!1s0x478c652e47904e0f:0xad9891de5aa2a538?sa=X&#038;ved=2ahUKEwjVzoywtviCAxUkVKQEHQ5aA8cQ9Rd6BAg7EAA\" target=\"_blank\">Food Hall du Grand Magasin Globus<br> Entr\u00e9e Place du Molard Rue du Rh\u00f4ne, 48,<br>  1204 Gen\u00e8ve<\/a><\/p>\r\n\r\n\r\n<h3>Horaires<\/h3>\r\n<p>\r\n<strong>Denise&#8217;s Burger<\/strong><br>\r\nvous accueille le<br> \r\n<strong>lundi, mardi, mercredi, vendredi &#038; samedi<\/strong><br>\r\nde 11h00 \u00e0 21h00<br>\r\nle <strong>jeudi<\/strong><br>\r\nde 11h00 \u00e0 22h00<br>\r\nle <strong>dimanche<\/strong><br>\r\nde 11h00 \u00e0 20h00\r\n<\/p>\r\n <\/p>\n    <\/div>\n  <\/div>\n<\/div>\n\n  \n<\/div>\n\n<div class=\"block-title\" id=\"\">\n  <div class=\"container \">\n  <div class=\"row\">\n    <div class=\"col-md-12 row-title\">\n      <h2 class=\"fields-title\">Contactez-nous<\/h2>\n      <p class=\"fields-subtitle\"> Utiliser le formulaire de contact nous vous r\u00e9pondrons dans les plus bref d\u00e9lais. <\/p>\n    <\/div>\n  <\/div>\n<\/div>\n\n  \n<\/div>\n\n<div class=\"container\">\n  <div class=\"row\">\n    <div class=\"col-md-12\">  <\/div>\n  <\/div>\n<\/div>\n\n  \n<div class=\"wpcf7 no-js\" id=\"wpcf7-f729-o1\" lang=\"fr-FR\" dir=\"ltr\">\n<div class=\"screen-reader-response\"><p role=\"status\" aria-live=\"polite\" aria-atomic=\"true\"><\/p> <ul><\/ul><\/div>\n<form action=\"\/fr\/wp-json\/wp\/v2\/pages\/735#wpcf7-f729-o1\" method=\"post\" class=\"wpcf7-form init\" aria-label=\"Contact form\" novalidate=\"novalidate\" data-status=\"init\">\n<div style=\"display: none;\">\n<input type=\"hidden\" name=\"_wpcf7\" value=\"729\" \/>\n<input type=\"hidden\" name=\"_wpcf7_version\" value=\"5.9.8\" \/>\n<input type=\"hidden\" name=\"_wpcf7_locale\" value=\"fr_FR\" \/>\n<input type=\"hidden\" name=\"_wpcf7_unit_tag\" value=\"wpcf7-f729-o1\" \/>\n<input type=\"hidden\" name=\"_wpcf7_container_post\" value=\"0\" \/>\n<input type=\"hidden\" name=\"_wpcf7_posted_data_hash\" value=\"\" \/>\n<\/div>\n<div class=\"container form-container\">\n\t<div class=\"row\">\n\t\t<div class=\"col-md-4 name-col\">\n\t\t\t<p><label> Nom<span class=\"required\">*<\/span><br \/>\n<span class=\"wpcf7-form-control-wrap\" data-name=\"your-name\"><input size=\"40\" maxlength=\"400\" class=\"wpcf7-form-control wpcf7-text wpcf7-validates-as-required\" aria-required=\"true\" aria-invalid=\"false\" value=\"\" type=\"text\" name=\"your-name\" \/><\/span> <\/label>\n\t\t\t<\/p>\n\t\t<\/div>\n\t\t<div class=\"col-md-4 firstname-col\">\n\t\t\t<p><label> Pr\u00e9nom<span class=\"required\">*<\/span><br \/>\n<span class=\"wpcf7-form-control-wrap\" data-name=\"your-firstname\"><input size=\"40\" maxlength=\"400\" class=\"wpcf7-form-control wpcf7-text wpcf7-validates-as-required\" aria-required=\"true\" aria-invalid=\"false\" value=\"\" type=\"text\" name=\"your-firstname\" \/><\/span> <\/label>\n\t\t\t<\/p>\n\t\t<\/div>\n\t\t<div class=\"col-md-4 email-col\">\n\t\t\t<p><label> E-mail<span class=\"required\">*<\/span><br \/>\n<span class=\"wpcf7-form-control-wrap\" data-name=\"your-email\"><input size=\"40\" maxlength=\"400\" class=\"wpcf7-form-control wpcf7-email wpcf7-validates-as-required wpcf7-text wpcf7-validates-as-email\" aria-required=\"true\" aria-invalid=\"false\" value=\"\" type=\"email\" name=\"your-email\" \/><\/span> <\/label>\n\t\t\t<\/p>\n\t\t<\/div>\n\t<\/div>\n\t<div class=\"row\">\n\t\t<div class=\"col-md-4 phone-col\">\n\t\t\t<p><label> T\u00e9l\u00e9phone<span class=\"required\">*<\/span><br \/>\n<span class=\"wpcf7-form-control-wrap\" data-name=\"your-phone\"><input size=\"40\" maxlength=\"400\" class=\"wpcf7-form-control wpcf7-tel wpcf7-validates-as-required wpcf7-text wpcf7-validates-as-tel\" aria-required=\"true\" aria-invalid=\"false\" value=\"\" type=\"tel\" name=\"your-phone\" \/><\/span> <\/label>\n\t\t\t<\/p>\n\t\t<\/div>\n\t\t<div class=\"col-md-4 subject-col\">\n\t\t\t<p><label> Objet<span class=\"required\">*<\/span><br \/>\n<span class=\"wpcf7-form-control-wrap\" data-name=\"your-subject\"><input size=\"40\" maxlength=\"400\" class=\"wpcf7-form-control wpcf7-text wpcf7-validates-as-required\" aria-required=\"true\" aria-invalid=\"false\" value=\"\" type=\"text\" name=\"your-subject\" \/><\/span> <\/label>\n\t\t\t<\/p>\n\t\t<\/div>\n\t\t<div class=\"col-md-4 destination-col\">\n\t\t\t<p><label> \u00c0 destination<span class=\"required\">*<\/span><br \/>\n<span class=\"wpcf7-form-control-wrap\" data-name=\"email-recipient\"><select class=\"wpcf7-form-control wpcf7-select wpcf7-validates-as-required\" aria-required=\"true\" aria-invalid=\"false\" name=\"email-recipient\"><option value=\"Informations\">Informations<\/option><option value=\"\u00c9v\u00e9nements\">\u00c9v\u00e9nements<\/option><option value=\"R\u00e9servation\">R\u00e9servation<\/option><\/select><\/span><br \/>\n<\/label>\n\t\t\t<\/p>\n\t\t<\/div>\n\t<\/div>\n\t<div class=\"row\">\n\t\t<div class=\"col-md-12 message-col\">\n\t\t\t<p><label> Message<span class=\"required\">*<\/span><br \/>\n<span class=\"wpcf7-form-control-wrap\" data-name=\"your-message\"><textarea cols=\"40\" rows=\"10\" maxlength=\"2000\" class=\"wpcf7-form-control wpcf7-textarea wpcf7-validates-as-required\" aria-required=\"true\" aria-invalid=\"false\" name=\"your-message\"><\/textarea><\/span> <\/label>\n\t\t\t<\/p>\n\t\t<\/div>\n\t\t<div class=\"col-md-12 button-col\">\n\t\t\t<p><input class=\"wpcf7-form-control wpcf7-submit has-spinner fields-button\" type=\"submit\" value=\"ENVOYER\" \/>\n\t\t\t<\/p>\n\t\t<\/div>\n\t<\/div>\n<\/div><div class=\"wpcf7-response-output\" aria-hidden=\"true\"><\/div>\n<\/form>\n<\/div>\n\n\n","protected":false},"excerpt":{"rendered":"","protected":false},"author":2,"featured_media":0,"parent":0,"menu_order":4,"comment_status":"closed","ping_status":"closed","template":"","meta":{"_acf_changed":false,"inline_featured_image":false,"footnotes":""},"class_list":["post-735","page","type-page","status-publish","hentry"],"acf":[],"_links":{"self":[{"href":"https:\/\/denises-burger.ch\/fr\/wp-json\/wp\/v2\/pages\/735"}],"collection":[{"href":"https:\/\/denises-burger.ch\/fr\/wp-json\/wp\/v2\/pages"}],"about":[{"href":"https:\/\/denises-burger.ch\/fr\/wp-json\/wp\/v2\/types\/page"}],"author":[{"embeddable":true,"href":"https:\/\/denises-burger.ch\/fr\/wp-json\/wp\/v2\/users\/2"}],"replies":[{"embeddable":true,"href":"https:\/\/denises-burger.ch\/fr\/wp-json\/wp\/v2\/comments?post=735"}],"version-history":[{"count":82,"href":"https:\/\/denises-burger.ch\/fr\/wp-json\/wp\/v2\/pages\/735\/revisions"}],"predecessor-version":[{"id":8356,"href":"https:\/\/denises-burger.ch\/fr\/wp-json\/wp\/v2\/pages\/735\/revisions\/8356"}],"wp:attachment":[{"href":"https:\/\/denises-burger.ch\/fr\/wp-json\/wp\/v2\/media?parent=735"}],"curies":[{"name":"wp","href":"https:\/\/api.w.org\/{rel}","templated":true}]}}